{"id":87,"date":"2016-11-20T20:43:26","date_gmt":"2016-11-20T20:43:26","guid":{"rendered":"http:\/\/tuberkuloosi.fi\/se\/?page_id=87"},"modified":"2023-03-01T11:47:00","modified_gmt":"2023-03-01T11:47:00","slug":"biverkningar-av-tuberkuloslakemedel","status":"publish","type":"page","link":"https:\/\/tuberkuloosi.fi\/se\/hjalp\/biverkningar-av-tuberkuloslakemedel\/","title":{"rendered":"Biverkningar av tuberkulosl\u00e4kemedel"},"content":{"rendered":"<p>Biverkningar av tuberkulosl\u00e4kemedel \u00e4r r\u00e4tt vanliga. Rapportera misst\u00e4nkta biverkningar till h\u00e4lsov\u00e5rdspersonalen.<\/p>\n<p>De flesta biverkningarna \u00e4r lindriga och f\u00f6rsvinner d\u00e5 medicineringen forts\u00e4tts. Det kan ocks\u00e5 vara m\u00f6jligt att hitta en lindrande \u00e5tg\u00e4rd. I genomsnitt en av tio patienter, som f\u00e5r tuberkulosv\u00e5rd, f\u00e5r sv\u00e5rare biverkningar. Om detta intr\u00e4ffar, blir man kanske tvungen att tillf\u00e4lligt avbryta medicineringen.<\/p>\n<p>Samtidig anv\u00e4ndning av l\u00e4kemedel mot tuberkulos och vissa andra l\u00e4kemedel m\u00e5ste beaktas. D\u00e4rf\u00f6r \u00e4r det viktigt, att din l\u00e4kare k\u00e4nner till alla dina mediciner (diabetesmediciner, antikoagulanter, e-piller, etc.). Ber\u00e4tta f\u00f6r din l\u00e4kare \u00e4ven om du anv\u00e4nder naturmediciner. De kan kan ha skadliga effekter i kombination med tuberkulosl\u00e4kemedel.<\/p>\n<p>Tuberkulosmedicinernas biverkningar kan f\u00f6rhindras i viss utstr\u00e4ckning. Till exempel isoniazidmedicineringen f\u00f6rorsakar r\u00e4tt ofta en perifer nervskada, som bl.a. yttrar sig som domningar eller v\u00e4rk eller en k\u00e4nsla av stickningar i h\u00e4nder och f\u00f6tter. Dessa biverkningar f\u00f6rhindras med intag av vitamin B6.<\/p>\n<p><strong>Intag av alkohol under tuberkulosv\u00e5rden \u00f6kar risken f\u00f6r inflammation i levern. D\u00e4rf\u00f6r \u00e4r det viktigt, att du inte under behandlingen intar n\u00e5gon som helst alkohol.<\/strong><\/p>\n<p><strong>Lindriga biverkningar av tuberkulosl\u00e4kemedel<\/strong> \u00e4r vanliga och irriterande, men de hindrar inte fortsatt medicinering. Ber\u00e4tta om symtom du k\u00e4nner av f\u00f6r personer, som ansvarar f\u00f6r din v\u00e5rd. De f\u00f6rs\u00f6ker finna lindrande \u00e5tg\u00e4rder.<br \/>\nLindriga biverkningar:<\/p>\n<ul>\n<li>urin, saliv och t\u00e5rv\u00e4tska kan f\u00e4rgas orange. Detta beror p\u00e5 rifampicin-medicinen. Kontaktlinser kan ocks\u00e5 bli f\u00e4rgade, s\u00e5 anv\u00e4nd inte dem under rifampicinmedicinering.<\/li>\n<li>Hudrodnad och kl\u00e5da f\u00f6rorsakad av solljus. En del tuberkulosmediciner, till exempel pyrazinamid, g\u00f6r huden k\u00e4nsligare f\u00f6r solljus. L\u00e4karen ger r\u00e5d om hur du kan skydda huden med solskyddsmedel och kl\u00e4der.<\/li>\n<li>Isoniazid kan f\u00f6rv\u00e4rra akne. Lokaliserad aknebehandling lindrar detta.<\/li>\n<li>Isoniazid kan f\u00f6rorsaka h\u00e5ravfall. Problemet f\u00f6rsvinner d\u00e5 behandlingen upph\u00f6r.<\/li>\n<li>Rifampicin och pyrazinamid kan f\u00f6rorsaka kortvarig hudrodnad och kl\u00e5da i ansiktet och \/ eller h\u00e5rbotten 2-3 timmar efter intag av medicinen. Symtomet kan behandlas med antihistamin.<\/li>\n<li>Vid isoniazidmedicinering kan mat, som inneh\u00e5ller tyramin eller histamin, leda till attackartad ansiktsrodnad \u00e5tf\u00f6ljd av huvudv\u00e4rk, hj\u00e4rtklappning och h\u00f6gt eller l\u00e5gt blodtryck (som i sin tur kan leda till medvetsl\u00f6shet). Reaktionen \u00e4r individuell. Den kan f\u00f6rhindras genom att man under isoniazidmedicineringen undviker f\u00f6ljande livsmedel:\n<ul>\n<li>Mogen ost<\/li>\n<li>R\u00f6dvin<\/li>\n<li>Tonfisk<\/li>\n<li>Korv av salami-typ<\/li>\n<\/ul>\n<\/li>\n<li>Ih\u00e5llande, kliande utslag. Hudreaktionens art och v\u00e5rd utv\u00e4rderas alltid individuellt. Om hudreaktionen \u00e4r lindrig, kan den behandlas med en bassalva eller en baskr\u00e4m eller med n\u00e5got antihistaminpreparat och i bland med en kortvarig kortisonkur. Kontakta din l\u00e4kare omedelbart, om hudutslaget \u00e4r f\u00f6renat med feber eller illam\u00e5ende.<\/li>\n<li>Illam\u00e5ende, diarr\u00e9 och aptitl\u00f6shet \u00e4r mycket vanliga biverkningar. De f\u00f6rsvinner oftast inom n\u00e5gra veckor under den fortsatta tuberkulosbehandlingen. Intensivt och kontinuerligt illam\u00e5ende kan behandlas med antiemetika.<\/li>\n<li>Lindrig buksm\u00e4rta kan behandlas med l\u00e4kemedel.<\/li>\n<li>Lindrig ledv\u00e4rk kan behandlas med sm\u00e4rtstillande l\u00e4kemedel och fysioterapi.<\/li>\n<li>Lindrig huvudv\u00e4rk kan behandlas med sm\u00e4rtstillande medel.<\/li>\n<li>Tr\u00f6tthet, koncentrationsproblem, irritabilitet, hum\u00f6rsv\u00e4ngningar, depression. F\u00f6r dessa kan du beh\u00f6va diskussionshj\u00e4lp och st\u00f6d fr\u00e5n n\u00e4ra och k\u00e4ra eller kamratst\u00f6d.<\/li>\n<li>S\u00f6mnst\u00f6rningar. Detta kan behandlas med tr\u00e4ning, minskad kaffekonsumtion och melatoninpreparat.<\/li>\n<li>Torr mun. Se till att dagligen ha god munhygien, drick tillr\u00e4ckligt (vuxen minst 1,5 l\/dag), vatten som t\u00f6rstdryck. Du kan prova preparat avsedda f\u00f6r lokal behandling av muntorrhet (fr\u00e5n en n\u00e4rbutik eller apotek) eller sm\u00f6rja in munslemhinnorna med mat eller olivolja.<\/li>\n<li>Smaken av metall i munnen. Att tugga xylitolgummi eller pastiller kan lindra symtomen.<\/li>\n<\/ul>\n<p><strong>Allvarliga biverkningar av tuberkulosl\u00e4kemedel<\/strong> \u00e4r s\u00e4llsynta, men om s\u00e5dana uppkommer, m\u00e5ste anv\u00e4ndandet av det f\u00f6rorsakande l\u00e4kemedlet avbrytas \u00e5tminstone tillf\u00e4lligt. Kontakta omedelbart din v\u00e5rdenhet, om du observerar n\u00e5got av f\u00f6ljande symtom:<\/p>\n<ul>\n<li>Kr\u00e4kningar och sv\u00e5r buksm\u00e4rta.<\/li>\n<li>Huden eller \u00f6gonvitorna skiftar f\u00e4rg mot gult.\n<ul>\n<li>Dessa symtom kan bero p\u00e5 inflammation i levern som orsakats av tuberkulosl\u00e4kemedlen. Under behandlingen \u00f6vervakas leverenzymer med regelbundna blodprover.<\/li>\n<\/ul>\n<\/li>\n<li>Feber och hudutslag, som tyder p\u00e5 en sv\u00e5r \u00f6verk\u00e4nslighetsreaktion.<\/li>\n<li>Svullnad av slemhinnor i munnen, l\u00e4ppar eller \u00f6gonlock, andn\u00f6d.<\/li>\n<li>Sv\u00e5ra led- eller muskelsm\u00e4rtor som hindrar normal r\u00f6rlighet.<\/li>\n<li>Yrsel.<\/li>\n<li>Ringande i \u00f6ronen eller h\u00f6rselneds\u00e4ttning.<\/li>\n<li>Minskning av urinvolymen. Urinen f\u00e5r en mycket m\u00f6rk f\u00e4rg.<\/li>\n<li>Synen f\u00f6rsvagas. Se separat <a href=\"https:\/\/www.tb-laakeapuri.fi\/vision.html\" target=\"_blank\" rel=\"noopener\">instruktion f\u00f6r synkontroll p\u00e5 egen hand<\/a> (p\u00e5 finska).<\/li>\n<li>Krampanfall.<\/li>\n<li>Visuella eller h\u00f6rselhallucinationer.<\/li>\n<li>Sj\u00e4lvmordstankar, kraftiga hum\u00f6rsv\u00e4ngningar.<\/li>\n<li>Bl\u00f6dningar i tandk\u00f6tt eller n\u00e4sa.<\/li>\n<\/ul>\n","protected":false},"excerpt":{"rendered":"<p>Biverkningar av tuberkulosl\u00e4kemedel \u00e4r r\u00e4tt vanliga. Rapportera misst\u00e4nkta biverkningar till h\u00e4lsov\u00e5rdspersonalen. De flesta biverkningarna \u00e4r lindriga och f\u00f6rsvinner d\u00e5 medicineringen forts\u00e4tts. Det kan ocks\u00e5 vara m\u00f6jligt att hitta en lindrande \u00e5tg\u00e4rd. I genomsnitt en av tio patienter, som f\u00e5r tuberkulosv\u00e5rd, f\u00e5r sv\u00e5rare biverkningar. Om detta intr\u00e4ffar, blir man kanske tvungen att tillf\u00e4lligt avbryta medicineringen. Samtidig &#8230; <a title=\"Biverkningar av tuberkulosl\u00e4kemedel\" class=\"read-more\" href=\"https:\/\/tuberkuloosi.fi\/se\/hjalp\/biverkningar-av-tuberkuloslakemedel\/\">L\u00e4s mer<span class=\"screen-reader-text\">Biverkningar av tuberkulosl\u00e4kemedel<\/span><\/a><\/p>\n","protected":false},"author":1,"featured_media":0,"parent":68,"menu_order":8,"comment_status":"closed","ping_status":"open","template":"","meta":{"footnotes":""},"class_list":["post-87","page","type-page","status-publish"],"yoast_head":"<!-- This site is optimized with the Yoast SEO plugin v27.5 - https:\/\/yoast.com\/product\/yoast-seo-wordpress\/ -->\n<title>Biverkningar av tuberkulosl\u00e4kemedel - Tuberkulos - tuberkuloosi.fi<\/title>\n<meta name=\"description\" content=\"Biverkningar av tuberkulosl\u00e4kemedel \u00e4r r\u00e4tt vanliga. De flesta biverkningarna \u00e4r lindriga och f\u00f6rsvinner d\u00e5 medicineringen forts\u00e4tts.\" \/>\n<meta name=\"robots\" content=\"index, follow, max-snippet:-1, max-image-preview:large, max-video-preview:-1\" \/>\n<link rel=\"canonical\" href=\"https:\/\/tuberkuloosi.fi\/se\/hjalp\/biverkningar-av-tuberkuloslakemedel\/\" \/>\n<meta property=\"og:locale\" content=\"sv_SE\" \/>\n<meta property=\"og:type\" content=\"article\" \/>\n<meta property=\"og:title\" content=\"Biverkningar av tuberkulosl\u00e4kemedel - Tuberkulos - tuberkuloosi.fi\" \/>\n<meta property=\"og:description\" content=\"Biverkningar av tuberkulosl\u00e4kemedel \u00e4r r\u00e4tt vanliga. De flesta biverkningarna \u00e4r lindriga och f\u00f6rsvinner d\u00e5 medicineringen forts\u00e4tts.\" \/>\n<meta property=\"og:url\" content=\"https:\/\/tuberkuloosi.fi\/se\/hjalp\/biverkningar-av-tuberkuloslakemedel\/\" \/>\n<meta property=\"og:site_name\" content=\"Tuberkulos - tuberkuloosi.fi\" \/>\n<meta property=\"article:modified_time\" content=\"2023-03-01T11:47:00+00:00\" \/>\n<meta name=\"twitter:card\" content=\"summary_large_image\" \/>\n<meta name=\"twitter:label1\" content=\"Ber\u00e4knad l\u00e4stid\" \/>\n\t<meta name=\"twitter:data1\" content=\"4 minuter\" \/>\n<script type=\"application\/ld+json\" class=\"yoast-schema-graph\">{\"@context\":\"https:\\\/\\\/schema.org\",\"@graph\":[{\"@type\":\"WebPage\",\"@id\":\"https:\\\/\\\/tuberkuloosi.fi\\\/se\\\/hjalp\\\/biverkningar-av-tuberkuloslakemedel\\\/\",\"url\":\"https:\\\/\\\/tuberkuloosi.fi\\\/se\\\/hjalp\\\/biverkningar-av-tuberkuloslakemedel\\\/\",\"name\":\"Biverkningar av tuberkulosl\u00e4kemedel - Tuberkulos - tuberkuloosi.fi\",\"isPartOf\":{\"@id\":\"https:\\\/\\\/tuberkuloosi.fi\\\/se\\\/#website\"},\"datePublished\":\"2016-11-20T20:43:26+00:00\",\"dateModified\":\"2023-03-01T11:47:00+00:00\",\"description\":\"Biverkningar av tuberkulosl\u00e4kemedel \u00e4r r\u00e4tt vanliga. De flesta biverkningarna \u00e4r lindriga och f\u00f6rsvinner d\u00e5 medicineringen forts\u00e4tts.\",\"breadcrumb\":{\"@id\":\"https:\\\/\\\/tuberkuloosi.fi\\\/se\\\/hjalp\\\/biverkningar-av-tuberkuloslakemedel\\\/#breadcrumb\"},\"inLanguage\":\"sv-SE\",\"potentialAction\":[{\"@type\":\"ReadAction\",\"target\":[\"https:\\\/\\\/tuberkuloosi.fi\\\/se\\\/hjalp\\\/biverkningar-av-tuberkuloslakemedel\\\/\"]}]},{\"@type\":\"BreadcrumbList\",\"@id\":\"https:\\\/\\\/tuberkuloosi.fi\\\/se\\\/hjalp\\\/biverkningar-av-tuberkuloslakemedel\\\/#breadcrumb\",\"itemListElement\":[{\"@type\":\"ListItem\",\"position\":1,\"name\":\"Etusivu\",\"item\":\"https:\\\/\\\/tuberkuloosi.fi\\\/se\\\/\"},{\"@type\":\"ListItem\",\"position\":2,\"name\":\"Hj\u00e4lp\",\"item\":\"https:\\\/\\\/tuberkuloosi.fi\\\/se\\\/hjalp\\\/\"},{\"@type\":\"ListItem\",\"position\":3,\"name\":\"Biverkningar av tuberkulosl\u00e4kemedel\"}]},{\"@type\":\"WebSite\",\"@id\":\"https:\\\/\\\/tuberkuloosi.fi\\\/se\\\/#website\",\"url\":\"https:\\\/\\\/tuberkuloosi.fi\\\/se\\\/\",\"name\":\"Tuberkulos - tuberkuloosi.fi\",\"description\":\"Tuberkulos kan botas \u2013 det klarar vi tillsammans\",\"publisher\":{\"@id\":\"https:\\\/\\\/tuberkuloosi.fi\\\/se\\\/#organization\"},\"potentialAction\":[{\"@type\":\"SearchAction\",\"target\":{\"@type\":\"EntryPoint\",\"urlTemplate\":\"https:\\\/\\\/tuberkuloosi.fi\\\/se\\\/?s={search_term_string}\"},\"query-input\":{\"@type\":\"PropertyValueSpecification\",\"valueRequired\":true,\"valueName\":\"search_term_string\"}}],\"inLanguage\":\"sv-SE\"},{\"@type\":\"Organization\",\"@id\":\"https:\\\/\\\/tuberkuloosi.fi\\\/se\\\/#organization\",\"name\":\"Tuberkulos - tuberkuloosi.fi\",\"url\":\"https:\\\/\\\/tuberkuloosi.fi\\\/se\\\/\",\"logo\":{\"@type\":\"ImageObject\",\"inLanguage\":\"sv-SE\",\"@id\":\"https:\\\/\\\/tuberkuloosi.fi\\\/se\\\/#\\\/schema\\\/logo\\\/image\\\/\",\"url\":\"https:\\\/\\\/tuberkuloosi.fi\\\/se\\\/wp-content\\\/uploads\\\/sites\\\/9\\\/2019\\\/08\\\/cropped-tuberkuloosi.fi-logo1.jpg\",\"contentUrl\":\"https:\\\/\\\/tuberkuloosi.fi\\\/se\\\/wp-content\\\/uploads\\\/sites\\\/9\\\/2019\\\/08\\\/cropped-tuberkuloosi.fi-logo1.jpg\",\"width\":1598,\"height\":321,\"caption\":\"Tuberkulos - tuberkuloosi.fi\"},\"image\":{\"@id\":\"https:\\\/\\\/tuberkuloosi.fi\\\/se\\\/#\\\/schema\\\/logo\\\/image\\\/\"}}]}<\/script>\n<!-- \/ Yoast SEO plugin. -->","yoast_head_json":{"title":"Biverkningar av tuberkulosl\u00e4kemedel - Tuberkulos - tuberkuloosi.fi","description":"Biverkningar av tuberkulosl\u00e4kemedel \u00e4r r\u00e4tt vanliga. De flesta biverkningarna \u00e4r lindriga och f\u00f6rsvinner d\u00e5 medicineringen forts\u00e4tts.","robots":{"index":"index","follow":"follow","max-snippet":"max-snippet:-1","max-image-preview":"max-image-preview:large","max-video-preview":"max-video-preview:-1"},"canonical":"https:\/\/tuberkuloosi.fi\/se\/hjalp\/biverkningar-av-tuberkuloslakemedel\/","og_locale":"sv_SE","og_type":"article","og_title":"Biverkningar av tuberkulosl\u00e4kemedel - Tuberkulos - tuberkuloosi.fi","og_description":"Biverkningar av tuberkulosl\u00e4kemedel \u00e4r r\u00e4tt vanliga. De flesta biverkningarna \u00e4r lindriga och f\u00f6rsvinner d\u00e5 medicineringen forts\u00e4tts.","og_url":"https:\/\/tuberkuloosi.fi\/se\/hjalp\/biverkningar-av-tuberkuloslakemedel\/","og_site_name":"Tuberkulos - tuberkuloosi.fi","article_modified_time":"2023-03-01T11:47:00+00:00","twitter_card":"summary_large_image","twitter_misc":{"Ber\u00e4knad l\u00e4stid":"4 minuter"},"schema":{"@context":"https:\/\/schema.org","@graph":[{"@type":"WebPage","@id":"https:\/\/tuberkuloosi.fi\/se\/hjalp\/biverkningar-av-tuberkuloslakemedel\/","url":"https:\/\/tuberkuloosi.fi\/se\/hjalp\/biverkningar-av-tuberkuloslakemedel\/","name":"Biverkningar av tuberkulosl\u00e4kemedel - Tuberkulos - tuberkuloosi.fi","isPartOf":{"@id":"https:\/\/tuberkuloosi.fi\/se\/#website"},"datePublished":"2016-11-20T20:43:26+00:00","dateModified":"2023-03-01T11:47:00+00:00","description":"Biverkningar av tuberkulosl\u00e4kemedel \u00e4r r\u00e4tt vanliga. De flesta biverkningarna \u00e4r lindriga och f\u00f6rsvinner d\u00e5 medicineringen forts\u00e4tts.","breadcrumb":{"@id":"https:\/\/tuberkuloosi.fi\/se\/hjalp\/biverkningar-av-tuberkuloslakemedel\/#breadcrumb"},"inLanguage":"sv-SE","potentialAction":[{"@type":"ReadAction","target":["https:\/\/tuberkuloosi.fi\/se\/hjalp\/biverkningar-av-tuberkuloslakemedel\/"]}]},{"@type":"BreadcrumbList","@id":"https:\/\/tuberkuloosi.fi\/se\/hjalp\/biverkningar-av-tuberkuloslakemedel\/#breadcrumb","itemListElement":[{"@type":"ListItem","position":1,"name":"Etusivu","item":"https:\/\/tuberkuloosi.fi\/se\/"},{"@type":"ListItem","position":2,"name":"Hj\u00e4lp","item":"https:\/\/tuberkuloosi.fi\/se\/hjalp\/"},{"@type":"ListItem","position":3,"name":"Biverkningar av tuberkulosl\u00e4kemedel"}]},{"@type":"WebSite","@id":"https:\/\/tuberkuloosi.fi\/se\/#website","url":"https:\/\/tuberkuloosi.fi\/se\/","name":"Tuberkulos - tuberkuloosi.fi","description":"Tuberkulos kan botas \u2013 det klarar vi tillsammans","publisher":{"@id":"https:\/\/tuberkuloosi.fi\/se\/#organization"},"potentialAction":[{"@type":"SearchAction","target":{"@type":"EntryPoint","urlTemplate":"https:\/\/tuberkuloosi.fi\/se\/?s={search_term_string}"},"query-input":{"@type":"PropertyValueSpecification","valueRequired":true,"valueName":"search_term_string"}}],"inLanguage":"sv-SE"},{"@type":"Organization","@id":"https:\/\/tuberkuloosi.fi\/se\/#organization","name":"Tuberkulos - tuberkuloosi.fi","url":"https:\/\/tuberkuloosi.fi\/se\/","logo":{"@type":"ImageObject","inLanguage":"sv-SE","@id":"https:\/\/tuberkuloosi.fi\/se\/#\/schema\/logo\/image\/","url":"https:\/\/tuberkuloosi.fi\/se\/wp-content\/uploads\/sites\/9\/2019\/08\/cropped-tuberkuloosi.fi-logo1.jpg","contentUrl":"https:\/\/tuberkuloosi.fi\/se\/wp-content\/uploads\/sites\/9\/2019\/08\/cropped-tuberkuloosi.fi-logo1.jpg","width":1598,"height":321,"caption":"Tuberkulos - tuberkuloosi.fi"},"image":{"@id":"https:\/\/tuberkuloosi.fi\/se\/#\/schema\/logo\/image\/"}}]}},"_links":{"self":[{"href":"https:\/\/tuberkuloosi.fi\/se\/wp-json\/wp\/v2\/pages\/87","targetHints":{"allow":["GET"]}}],"collection":[{"href":"https:\/\/tuberkuloosi.fi\/se\/wp-json\/wp\/v2\/pages"}],"about":[{"href":"https:\/\/tuberkuloosi.fi\/se\/wp-json\/wp\/v2\/types\/page"}],"author":[{"embeddable":true,"href":"https:\/\/tuberkuloosi.fi\/se\/wp-json\/wp\/v2\/users\/1"}],"replies":[{"embeddable":true,"href":"https:\/\/tuberkuloosi.fi\/se\/wp-json\/wp\/v2\/comments?post=87"}],"version-history":[{"count":5,"href":"https:\/\/tuberkuloosi.fi\/se\/wp-json\/wp\/v2\/pages\/87\/revisions"}],"predecessor-version":[{"id":804,"href":"https:\/\/tuberkuloosi.fi\/se\/wp-json\/wp\/v2\/pages\/87\/revisions\/804"}],"up":[{"embeddable":true,"href":"https:\/\/tuberkuloosi.fi\/se\/wp-json\/wp\/v2\/pages\/68"}],"wp:attachment":[{"href":"https:\/\/tuberkuloosi.fi\/se\/wp-json\/wp\/v2\/media?parent=87"}],"curies":[{"name":"wp","href":"https:\/\/api.w.org\/{rel}","templated":true}]}}