{"id":90,"date":"2016-11-20T20:56:25","date_gmt":"2016-11-20T20:56:25","guid":{"rendered":"http:\/\/tuberkuloosi.fi\/se\/?page_id=90"},"modified":"2023-01-11T14:00:09","modified_gmt":"2023-01-11T14:00:09","slug":"isoleringsvard","status":"publish","type":"page","link":"https:\/\/tuberkuloosi.fi\/se\/hjalp\/isoleringsvard\/","title":{"rendered":"Isoleringsv\u00e5rd"},"content":{"rendered":"\n\t\t\t\t<div class=\"nemus-slider animation-slide controls-inside  fit \" id=\"nemus-slider-91\" data-autoplay=\"1\" data-autoplay-delay=\"4000\" style=\"height:300px\" data-animation=\"slide\" data-autoheight=\"\" data-orientation=\"\" data-advanced=\"animationSpeed:900\" data-content_width=\"1200\">\n\t\t\t<ul class=\"slides\">\n\t\t\t\t\t\t\t\n\t\t\t\t\t\t\t\t\t<li class=\"slide slide-1\">\n\t\t\t\t\t\t\t\t\t\t\t\t\t\t\t\t\t\t\t\t\t\t\t\t\t\t\t<div class=\"slide-image lazyload\" style=\"background-image:inherit;height: 300px;\" data-bg-image=\"url(https:\/\/tuberkuloosi.fi\/se\/wp-content\/uploads\/sites\/9\/2016\/11\/valokuva_01.jpg)\"><\/div>\n\t\t\t\t\t\t\t\t\t\t\t\t\t\n\t\t\t\t\t\t\t\t\t\t\t\t\t\t\t\t\t\t\t\n\t\t\t\t\t\t\t\t\t\t\t\t\t\t\t\t\t\t\t\t\t\t\t\t<\/li>\n\t\t\t\t\t\t\t\t\t\t\t\n\t\t\t\t\t\t\t\t\t<li class=\"slide slide-2\">\n\t\t\t\t\t\t\t\t\t\t\t\t\t\t\t\t\t\t\t\t\t\t\t\t\t\t\t<div class=\"slide-image lazyload\" style=\"background-image:inherit;height: 300px;\" data-bg-image=\"url(https:\/\/tuberkuloosi.fi\/se\/wp-content\/uploads\/sites\/9\/2016\/11\/eristyshuone-109-0905_IMG.jpg)\"><\/div>\n\t\t\t\t\t\t\t\t\t\t\t\t\t\n\t\t\t\t\t\t\t\t\t\t\t\t\t\t\t\t\t\t\t\t\t\t\t\t\t\t\t<div class=\"caption caption cr anim-right\">\n\t\t\t\t\t\t\t\t\t\t\t\t\t\t\t\tUnder isoleringsperioden \u00e4r du i ett enpersonsrum, och din r\u00f6rlighet begr\u00e4nsas. Din trivsel beaktas dock.\t\t\t\t\t\t\t\t\t\t\t\t\t\t\t<\/div>\n\t\t\t\t\t\t\t\t\t\t\t\t\t\n\t\t\t\t\t\t\t\t\t\t\t\t\t\t\t\t\t\t\t\t\t\t\t\t<\/li>\n\t\t\t\t\t\t\t\t\t\t\t\n\t\t\t\t\t\t\t\t\t<li class=\"slide slide-3\">\n\t\t\t\t\t\t\t\t\t\t\t\t\t\t\t\t\t\t\t\t\t\t\t\t\t\t\t<div class=\"slide-image lazyload\" style=\"background-image:inherit;height: 300px;\" data-bg-image=\"url(https:\/\/tuberkuloosi.fi\/se\/wp-content\/uploads\/sites\/9\/2016\/11\/eristyshuone-109-0906_IMG.jpg)\"><\/div>\n\t\t\t\t\t\t\t\t\t\t\t\t\t\n\t\t\t\t\t\t\t\t\t\t\t\t\t\t\t\t\t\t\t\t\t\t\t\t\t\t\t<div class=\"caption caption cr anim-right\">\n\t\t\t\t\t\t\t\t\t\t\t\t\t\t\t\tI isoleringsrummet finns toalett och dusch, telefon och TV.\t\t\t\t\t\t\t\t\t\t\t\t\t\t\t<\/div>\n\t\t\t\t\t\t\t\t\t\t\t\t\t\n\t\t\t\t\t\t\t\t\t\t\t\t\t\t\t\t\t\t\t\t\t\t\t\t<\/li>\n\t\t\t\t\t\t\t\t\t\t\t\n\t\t\t\t\t\t\t\t\t<li class=\"slide slide-4\">\n\t\t\t\t\t\t\t\t\t\t\t\t\t\t\t\t\t\t\t\t\t\t\t\t\t\t\t<div class=\"slide-image lazyload\" style=\"background-image:inherit;height: 300px;\" data-bg-image=\"url(https:\/\/tuberkuloosi.fi\/se\/wp-content\/uploads\/sites\/9\/2016\/11\/kaksi-hahmoa.png)\"><\/div>\n\t\t\t\t\t\t\t\t\t\t\t\t\t\n\t\t\t\t\t\t\t\t\t\t\t\t\t\t\t\t\t\t\t\t\t\t\t\t\t\t\t<div class=\"caption caption bl anim-right\">\n\t\t\t\t\t\t\t\t\t\t\t\t\t\t\t\tFriska vuxna kan bes\u00f6ka dig\t\t\t\t\t\t\t\t\t\t\t\t\t\t\t<\/div>\n\t\t\t\t\t\t\t\t\t\t\t\t\t\n\t\t\t\t\t\t\t\t\t\t\t\t\t\t\t\t\t\t\t\t\t\t\t\t<\/li>\n\t\t\t\t\t\t\t\t\t\t\t\n\t\t\t\t\t\t\t\t\t<li class=\"slide slide-5\">\n\t\t\t\t\t\t\t\t\t\t\t\t\t\t\t\t\t\t\t\t\t\t\t\t\t\t\t<div class=\"slide-image lazyload\" style=\"background-image:inherit;height: 300px;\" data-bg-image=\"url(https:\/\/tuberkuloosi.fi\/se\/wp-content\/uploads\/sites\/9\/2016\/11\/109-0903_IMG-eristyshuone-ja-Ilmi.jpg)\"><\/div>\n\t\t\t\t\t\t\t\t\t\t\t\t\t\n\t\t\t\t\t\t\t\t\t\t\t\t\t\t\t\t\t\t\t\t\t\t\t\t\t\t\t<div class=\"caption caption bl anim-right\">\n\t\t\t\t\t\t\t\t\t\t\t\t\t\t\t\tN\u00e4r sjukdomen inte l\u00e4ngre \u00e4r smittsam, upph\u00e4vs isoleringen.\t\t\t\t\t\t\t\t\t\t\t\t\t\t\t<\/div>\n\t\t\t\t\t\t\t\t\t\t\t\t\t\n\t\t\t\t\t\t\t\t\t\t\t\t\t\t\t\t\t\t\t\t\t\t\t\t<\/li>\n\t\t\t\t\t\t\t\t\t\t<\/ul>\n\t\t<\/div>\n\t\t\t\t\n<p>Om du lider av lungtuberkulos, kan sjukdomen smitta till andra. Det \u00e4r d\u00e4rf\u00f6r du till en b\u00f6rjan v\u00e5rdas i ett luftisoleringsrum p\u00e5 sjukhuset. Avsikten med isoleringen \u00e4r att f\u00f6rhindra spridning av smittan till andra patienter och v\u00e5rdpersonal.<\/p>\n<p>Om tuberkulosbakterier ses i tuberkulosf\u00e4rgning av sputum eller ses en h\u00e5lighetsbildning p\u00e5 din lungr\u00f6ntgen, forts\u00e4tter vi din behandling i ett isoleringsrum. Om inga tuberkulosbakterier ses i tuberkulosf\u00e4rgningen av sputum och det inte finns n\u00e5gon h\u00e5lighetsbildning i lungbilden kan isoleringen forts\u00e4tta i ett vanligt patientrum.<\/p>\n<p>Under isoleringsperioden \u00e4r du i ett enpersonsrum och f\u00e5r inte l\u00e4mna rummet utan tillst\u00e5nd. I isoleringsrummet finns toalett och dusch, telefon och TV. Mat och l\u00e4kemedel h\u00e4mtas till rummet. Du kan ocks\u00e5 ta med personliga f\u00f6rem\u00e5l s\u00e5som tidningar och b\u00f6cker till rummet.<\/p>\n<p><img decoding=\"async\" class=\"alignleft wp-image-362 size-thumbnail lazyload\" data-src=\"http:\/\/tuberkuloosi.fi\/wp-content\/uploads\/2014\/03\/valokuva_03-150x150.jpg\" alt=\"tuberkulos, FFP3, respirator, isoleringsv\u00e5rd\" width=\"150\" height=\"150\" src=\"data:image\/svg+xml;base64,PHN2ZyB3aWR0aD0iMSIgaGVpZ2h0PSIxIiB4bWxucz0iaHR0cDovL3d3dy53My5vcmcvMjAwMC9zdmciPjwvc3ZnPg==\" style=\"--smush-placeholder-width: 150px; --smush-placeholder-aspect-ratio: 150\/150;\" \/>Personalen som v\u00e5rdar dig anv\u00e4nder speciella andningsskydd. Friska vuxna kan bes\u00f6ka dig, men de m\u00e5ste f\u00f6lja anvisningar som ges av v\u00e5rdpersonalen och anv\u00e4nda samma andningsskydd. Till en b\u00f6rjan rekommenderas endast kortvariga bes\u00f6k. Du kan ha kontakt med dina anh\u00f6riga och v\u00e4nner via telefon eller via internet.<\/p>\n<p>Under isoleringsskedet f\u00e5r inte barn under 5 \u00e5r och vuxna med f\u00f6rsvagad motst\u00e5ndskraft bes\u00f6ka dig. Om du har en l\u00e4kemedelsresistent tuberkulos, \u00e4r bes\u00f6k av alla personer under 16 \u00e5r f\u00f6rbjudna.<\/p>\n<p>Effektiv medicinering eliminerar vanligen risken f\u00f6r smitta inom n\u00e5gra veckor. Den smittsamma perioden tillbringar du i isoleringsv\u00e5rd. I vissa fall kan l\u00e4ngre isolering beh\u00f6vas.<\/p>\n<p>Du har r\u00e4tt att f\u00e5 dagpenning vid smittsam sjukdom f\u00f6r inkomstbortfall under isoleringstiden, om du \u00e4r sjukf\u00f6rs\u00e4krad i Finland och arbetar fast eller d\u00e5 och d\u00e5. Du eller din arbetsgivare kan <a href=\"https:\/\/www.kela.fi\/smittsam-sjukdom\" target=\"_blank\" rel=\"noopener\">ans\u00f6ka om dagpenning vid smittsam sjukdom hos FPA<\/a> med ett SvA-intyg undertecknat av l\u00e4karen som ansvarar f\u00f6r infektionssjukdomar.<\/p>\n<p><a href=\"http:\/\/tuberkuloosi.fi\/wp-content\/uploads\/2014\/03\/kuvitus_10.jpg\"><img fetchpriority=\"high\" decoding=\"async\" class=\"size-medium wp-image-372 alignleft\" src=\"http:\/\/tuberkuloosi.fi\/wp-content\/uploads\/2014\/03\/kuvitus_10-300x175.jpg\" alt=\"kuvitus_10\" width=\"300\" height=\"175\" \/><\/a> N\u00e4r du hostar kan tuberkelbakterier komma i luften. T\u00e4ck med en eng\u00e5ngsn\u00e4sduk mun och n\u00e4sa t\u00e4tt n\u00e4r du hostar. S\u00e4tt n\u00e4sduken i en avfallsbeh\u00e5llare efter anv\u00e4ndningen. Om du under isoleringsperioden m\u00e5ste l\u00e4mna rummet, b\u00f6r du anv\u00e4nda andningsskydd. Om du hostar, s\u00e5 h\u00e5ll ansiktet t\u00e4tt mot \u00f6verarmens \u00e4rm. P\u00e5 s\u00e5 s\u00e4tt f\u00f6rhindrar du spridning av bakterier.<\/p>\n<p>&nbsp;<\/p>\n<p>&nbsp;<\/p>\n[qa cat=&#8221;apua_eristyshoito&#8221;]\n","protected":false},"excerpt":{"rendered":"<p>Om du lider av lungtuberkulos, kan sjukdomen smitta till andra. Det \u00e4r d\u00e4rf\u00f6r du till en b\u00f6rjan v\u00e5rdas i ett luftisoleringsrum p\u00e5 sjukhuset. Avsikten med isoleringen \u00e4r att f\u00f6rhindra spridning av smittan till andra patienter och v\u00e5rdpersonal. Om tuberkulosbakterier ses i tuberkulosf\u00e4rgning av sputum eller ses en h\u00e5lighetsbildning p\u00e5 din lungr\u00f6ntgen, forts\u00e4tter vi din behandling &#8230; <a title=\"Isoleringsv\u00e5rd\" class=\"read-more\" href=\"https:\/\/tuberkuloosi.fi\/se\/hjalp\/isoleringsvard\/\">L\u00e4s mer<span class=\"screen-reader-text\">Isoleringsv\u00e5rd<\/span><\/a><\/p>\n","protected":false},"author":1,"featured_media":0,"parent":68,"menu_order":10,"comment_status":"closed","ping_status":"open","template":"","meta":{"footnotes":""},"class_list":["post-90","page","type-page","status-publish"],"yoast_head":"<!-- This site is optimized with the Yoast SEO plugin v27.4 - https:\/\/yoast.com\/product\/yoast-seo-wordpress\/ -->\n<title>Isoleringsv\u00e5rd - Tuberkulos - tuberkuloosi.fi<\/title>\n<meta name=\"description\" content=\"Om du lider av lungtuberkulos, kan sjukdomen smitta till andra. Det \u00e4r d\u00e4rf\u00f6r du till en b\u00f6rjan v\u00e5rdas i ett luftisoleringsrum p\u00e5 sjukhuset.\" \/>\n<meta name=\"robots\" content=\"index, follow, max-snippet:-1, max-image-preview:large, max-video-preview:-1\" \/>\n<link rel=\"canonical\" href=\"https:\/\/tuberkuloosi.fi\/se\/hjalp\/isoleringsvard\/\" \/>\n<meta property=\"og:locale\" content=\"sv_SE\" \/>\n<meta property=\"og:type\" content=\"article\" \/>\n<meta property=\"og:title\" content=\"Isoleringsv\u00e5rd - Tuberkulos - tuberkuloosi.fi\" \/>\n<meta property=\"og:description\" content=\"Om du lider av lungtuberkulos, kan sjukdomen smitta till andra. Det \u00e4r d\u00e4rf\u00f6r du till en b\u00f6rjan v\u00e5rdas i ett luftisoleringsrum p\u00e5 sjukhuset.\" \/>\n<meta property=\"og:url\" content=\"https:\/\/tuberkuloosi.fi\/se\/hjalp\/isoleringsvard\/\" \/>\n<meta property=\"og:site_name\" content=\"Tuberkulos - tuberkuloosi.fi\" \/>\n<meta property=\"article:modified_time\" content=\"2023-01-11T14:00:09+00:00\" \/>\n<meta property=\"og:image\" content=\"http:\/\/tuberkuloosi.fi\/wp-content\/uploads\/2014\/03\/valokuva_03-150x150.jpg\" \/>\n<meta name=\"twitter:card\" content=\"summary_large_image\" \/>\n<meta name=\"twitter:label1\" content=\"Ber\u00e4knad l\u00e4stid\" \/>\n\t<meta name=\"twitter:data1\" content=\"2 minuter\" \/>\n<script type=\"application\/ld+json\" class=\"yoast-schema-graph\">{\"@context\":\"https:\\\/\\\/schema.org\",\"@graph\":[{\"@type\":\"WebPage\",\"@id\":\"https:\\\/\\\/tuberkuloosi.fi\\\/se\\\/hjalp\\\/isoleringsvard\\\/\",\"url\":\"https:\\\/\\\/tuberkuloosi.fi\\\/se\\\/hjalp\\\/isoleringsvard\\\/\",\"name\":\"Isoleringsv\u00e5rd - Tuberkulos - tuberkuloosi.fi\",\"isPartOf\":{\"@id\":\"https:\\\/\\\/tuberkuloosi.fi\\\/se\\\/#website\"},\"primaryImageOfPage\":{\"@id\":\"https:\\\/\\\/tuberkuloosi.fi\\\/se\\\/hjalp\\\/isoleringsvard\\\/#primaryimage\"},\"image\":{\"@id\":\"https:\\\/\\\/tuberkuloosi.fi\\\/se\\\/hjalp\\\/isoleringsvard\\\/#primaryimage\"},\"thumbnailUrl\":\"http:\\\/\\\/tuberkuloosi.fi\\\/wp-content\\\/uploads\\\/2014\\\/03\\\/valokuva_03-150x150.jpg\",\"datePublished\":\"2016-11-20T20:56:25+00:00\",\"dateModified\":\"2023-01-11T14:00:09+00:00\",\"description\":\"Om du lider av lungtuberkulos, kan sjukdomen smitta till andra. Det \u00e4r d\u00e4rf\u00f6r du till en b\u00f6rjan v\u00e5rdas i ett luftisoleringsrum p\u00e5 sjukhuset.\",\"breadcrumb\":{\"@id\":\"https:\\\/\\\/tuberkuloosi.fi\\\/se\\\/hjalp\\\/isoleringsvard\\\/#breadcrumb\"},\"inLanguage\":\"sv-SE\",\"potentialAction\":[{\"@type\":\"ReadAction\",\"target\":[\"https:\\\/\\\/tuberkuloosi.fi\\\/se\\\/hjalp\\\/isoleringsvard\\\/\"]}]},{\"@type\":\"ImageObject\",\"inLanguage\":\"sv-SE\",\"@id\":\"https:\\\/\\\/tuberkuloosi.fi\\\/se\\\/hjalp\\\/isoleringsvard\\\/#primaryimage\",\"url\":\"http:\\\/\\\/tuberkuloosi.fi\\\/wp-content\\\/uploads\\\/2014\\\/03\\\/valokuva_03-150x150.jpg\",\"contentUrl\":\"http:\\\/\\\/tuberkuloosi.fi\\\/wp-content\\\/uploads\\\/2014\\\/03\\\/valokuva_03-150x150.jpg\"},{\"@type\":\"BreadcrumbList\",\"@id\":\"https:\\\/\\\/tuberkuloosi.fi\\\/se\\\/hjalp\\\/isoleringsvard\\\/#breadcrumb\",\"itemListElement\":[{\"@type\":\"ListItem\",\"position\":1,\"name\":\"Etusivu\",\"item\":\"https:\\\/\\\/tuberkuloosi.fi\\\/se\\\/\"},{\"@type\":\"ListItem\",\"position\":2,\"name\":\"Hj\u00e4lp\",\"item\":\"https:\\\/\\\/tuberkuloosi.fi\\\/se\\\/hjalp\\\/\"},{\"@type\":\"ListItem\",\"position\":3,\"name\":\"Isoleringsv\u00e5rd\"}]},{\"@type\":\"WebSite\",\"@id\":\"https:\\\/\\\/tuberkuloosi.fi\\\/se\\\/#website\",\"url\":\"https:\\\/\\\/tuberkuloosi.fi\\\/se\\\/\",\"name\":\"Tuberkulos - tuberkuloosi.fi\",\"description\":\"Tuberkulos kan botas \u2013 det klarar vi tillsammans\",\"publisher\":{\"@id\":\"https:\\\/\\\/tuberkuloosi.fi\\\/se\\\/#organization\"},\"potentialAction\":[{\"@type\":\"SearchAction\",\"target\":{\"@type\":\"EntryPoint\",\"urlTemplate\":\"https:\\\/\\\/tuberkuloosi.fi\\\/se\\\/?s={search_term_string}\"},\"query-input\":{\"@type\":\"PropertyValueSpecification\",\"valueRequired\":true,\"valueName\":\"search_term_string\"}}],\"inLanguage\":\"sv-SE\"},{\"@type\":\"Organization\",\"@id\":\"https:\\\/\\\/tuberkuloosi.fi\\\/se\\\/#organization\",\"name\":\"Tuberkulos - tuberkuloosi.fi\",\"url\":\"https:\\\/\\\/tuberkuloosi.fi\\\/se\\\/\",\"logo\":{\"@type\":\"ImageObject\",\"inLanguage\":\"sv-SE\",\"@id\":\"https:\\\/\\\/tuberkuloosi.fi\\\/se\\\/#\\\/schema\\\/logo\\\/image\\\/\",\"url\":\"https:\\\/\\\/tuberkuloosi.fi\\\/se\\\/wp-content\\\/uploads\\\/sites\\\/9\\\/2019\\\/08\\\/cropped-tuberkuloosi.fi-logo1.jpg\",\"contentUrl\":\"https:\\\/\\\/tuberkuloosi.fi\\\/se\\\/wp-content\\\/uploads\\\/sites\\\/9\\\/2019\\\/08\\\/cropped-tuberkuloosi.fi-logo1.jpg\",\"width\":1598,\"height\":321,\"caption\":\"Tuberkulos - tuberkuloosi.fi\"},\"image\":{\"@id\":\"https:\\\/\\\/tuberkuloosi.fi\\\/se\\\/#\\\/schema\\\/logo\\\/image\\\/\"}}]}<\/script>\n<!-- \/ Yoast SEO plugin. -->","yoast_head_json":{"title":"Isoleringsv\u00e5rd - Tuberkulos - tuberkuloosi.fi","description":"Om du lider av lungtuberkulos, kan sjukdomen smitta till andra. Det \u00e4r d\u00e4rf\u00f6r du till en b\u00f6rjan v\u00e5rdas i ett luftisoleringsrum p\u00e5 sjukhuset.","robots":{"index":"index","follow":"follow","max-snippet":"max-snippet:-1","max-image-preview":"max-image-preview:large","max-video-preview":"max-video-preview:-1"},"canonical":"https:\/\/tuberkuloosi.fi\/se\/hjalp\/isoleringsvard\/","og_locale":"sv_SE","og_type":"article","og_title":"Isoleringsv\u00e5rd - Tuberkulos - tuberkuloosi.fi","og_description":"Om du lider av lungtuberkulos, kan sjukdomen smitta till andra. Det \u00e4r d\u00e4rf\u00f6r du till en b\u00f6rjan v\u00e5rdas i ett luftisoleringsrum p\u00e5 sjukhuset.","og_url":"https:\/\/tuberkuloosi.fi\/se\/hjalp\/isoleringsvard\/","og_site_name":"Tuberkulos - tuberkuloosi.fi","article_modified_time":"2023-01-11T14:00:09+00:00","og_image":[{"url":"http:\/\/tuberkuloosi.fi\/wp-content\/uploads\/2014\/03\/valokuva_03-150x150.jpg","type":"","width":"","height":""}],"twitter_card":"summary_large_image","twitter_misc":{"Ber\u00e4knad l\u00e4stid":"2 minuter"},"schema":{"@context":"https:\/\/schema.org","@graph":[{"@type":"WebPage","@id":"https:\/\/tuberkuloosi.fi\/se\/hjalp\/isoleringsvard\/","url":"https:\/\/tuberkuloosi.fi\/se\/hjalp\/isoleringsvard\/","name":"Isoleringsv\u00e5rd - Tuberkulos - tuberkuloosi.fi","isPartOf":{"@id":"https:\/\/tuberkuloosi.fi\/se\/#website"},"primaryImageOfPage":{"@id":"https:\/\/tuberkuloosi.fi\/se\/hjalp\/isoleringsvard\/#primaryimage"},"image":{"@id":"https:\/\/tuberkuloosi.fi\/se\/hjalp\/isoleringsvard\/#primaryimage"},"thumbnailUrl":"http:\/\/tuberkuloosi.fi\/wp-content\/uploads\/2014\/03\/valokuva_03-150x150.jpg","datePublished":"2016-11-20T20:56:25+00:00","dateModified":"2023-01-11T14:00:09+00:00","description":"Om du lider av lungtuberkulos, kan sjukdomen smitta till andra. Det \u00e4r d\u00e4rf\u00f6r du till en b\u00f6rjan v\u00e5rdas i ett luftisoleringsrum p\u00e5 sjukhuset.","breadcrumb":{"@id":"https:\/\/tuberkuloosi.fi\/se\/hjalp\/isoleringsvard\/#breadcrumb"},"inLanguage":"sv-SE","potentialAction":[{"@type":"ReadAction","target":["https:\/\/tuberkuloosi.fi\/se\/hjalp\/isoleringsvard\/"]}]},{"@type":"ImageObject","inLanguage":"sv-SE","@id":"https:\/\/tuberkuloosi.fi\/se\/hjalp\/isoleringsvard\/#primaryimage","url":"http:\/\/tuberkuloosi.fi\/wp-content\/uploads\/2014\/03\/valokuva_03-150x150.jpg","contentUrl":"http:\/\/tuberkuloosi.fi\/wp-content\/uploads\/2014\/03\/valokuva_03-150x150.jpg"},{"@type":"BreadcrumbList","@id":"https:\/\/tuberkuloosi.fi\/se\/hjalp\/isoleringsvard\/#breadcrumb","itemListElement":[{"@type":"ListItem","position":1,"name":"Etusivu","item":"https:\/\/tuberkuloosi.fi\/se\/"},{"@type":"ListItem","position":2,"name":"Hj\u00e4lp","item":"https:\/\/tuberkuloosi.fi\/se\/hjalp\/"},{"@type":"ListItem","position":3,"name":"Isoleringsv\u00e5rd"}]},{"@type":"WebSite","@id":"https:\/\/tuberkuloosi.fi\/se\/#website","url":"https:\/\/tuberkuloosi.fi\/se\/","name":"Tuberkulos - tuberkuloosi.fi","description":"Tuberkulos kan botas \u2013 det klarar vi tillsammans","publisher":{"@id":"https:\/\/tuberkuloosi.fi\/se\/#organization"},"potentialAction":[{"@type":"SearchAction","target":{"@type":"EntryPoint","urlTemplate":"https:\/\/tuberkuloosi.fi\/se\/?s={search_term_string}"},"query-input":{"@type":"PropertyValueSpecification","valueRequired":true,"valueName":"search_term_string"}}],"inLanguage":"sv-SE"},{"@type":"Organization","@id":"https:\/\/tuberkuloosi.fi\/se\/#organization","name":"Tuberkulos - tuberkuloosi.fi","url":"https:\/\/tuberkuloosi.fi\/se\/","logo":{"@type":"ImageObject","inLanguage":"sv-SE","@id":"https:\/\/tuberkuloosi.fi\/se\/#\/schema\/logo\/image\/","url":"https:\/\/tuberkuloosi.fi\/se\/wp-content\/uploads\/sites\/9\/2019\/08\/cropped-tuberkuloosi.fi-logo1.jpg","contentUrl":"https:\/\/tuberkuloosi.fi\/se\/wp-content\/uploads\/sites\/9\/2019\/08\/cropped-tuberkuloosi.fi-logo1.jpg","width":1598,"height":321,"caption":"Tuberkulos - tuberkuloosi.fi"},"image":{"@id":"https:\/\/tuberkuloosi.fi\/se\/#\/schema\/logo\/image\/"}}]}},"_links":{"self":[{"href":"https:\/\/tuberkuloosi.fi\/se\/wp-json\/wp\/v2\/pages\/90","targetHints":{"allow":["GET"]}}],"collection":[{"href":"https:\/\/tuberkuloosi.fi\/se\/wp-json\/wp\/v2\/pages"}],"about":[{"href":"https:\/\/tuberkuloosi.fi\/se\/wp-json\/wp\/v2\/types\/page"}],"author":[{"embeddable":true,"href":"https:\/\/tuberkuloosi.fi\/se\/wp-json\/wp\/v2\/users\/1"}],"replies":[{"embeddable":true,"href":"https:\/\/tuberkuloosi.fi\/se\/wp-json\/wp\/v2\/comments?post=90"}],"version-history":[{"count":5,"href":"https:\/\/tuberkuloosi.fi\/se\/wp-json\/wp\/v2\/pages\/90\/revisions"}],"predecessor-version":[{"id":620,"href":"https:\/\/tuberkuloosi.fi\/se\/wp-json\/wp\/v2\/pages\/90\/revisions\/620"}],"up":[{"embeddable":true,"href":"https:\/\/tuberkuloosi.fi\/se\/wp-json\/wp\/v2\/pages\/68"}],"wp:attachment":[{"href":"https:\/\/tuberkuloosi.fi\/se\/wp-json\/wp\/v2\/media?parent=90"}],"curies":[{"name":"wp","href":"https:\/\/api.w.org\/{rel}","templated":true}]}}